{"id":433,"date":"2021-06-30T07:40:07","date_gmt":"2021-06-30T07:40:07","guid":{"rendered":"https:\/\/xuntatellanera.org\/index.php\/home\/"},"modified":"2022-08-29T18:49:21","modified_gmt":"2022-08-29T18:49:21","slug":"comunidad-energetica","status":"publish","type":"page","link":"https:\/\/xuntatellanera.org\/","title":{"rendered":"X\u00fantate Llanera &#8211; La primera comunidad energ\u00e9tica de Asturias"},"content":{"rendered":"","protected":false},"excerpt":{"rendered":"","protected":false},"author":1,"featured_media":2127,"parent":0,"menu_order":0,"comment_status":"closed","ping_status":"closed","template":"","meta":{"_joinchat":[]},"yoast_head":"<!-- This site is optimized with the Yoast SEO plugin v19.6 - https:\/\/yoast.com\/wordpress\/plugins\/seo\/ -->\n<title>X\u00fantate Llanera - La primera comunidad energ\u00e9tica de Asturias<\/title>\n<meta name=\"description\" content=\"X\u00fantate Llanera es la primera comunidad energ\u00e9tica de Asturias. Un proyecto pionero para a reducir la factura de la luz y cuidar del planeta.\" \/>\n<meta name=\"robots\" content=\"index, follow, max-snippet:-1, max-image-preview:large, max-video-preview:-1\" \/>\n<link rel=\"canonical\" href=\"https:\/\/xuntatellanera.org\/\" \/>\n<meta property=\"og:locale\" content=\"es_ES\" \/>\n<meta property=\"og:type\" content=\"article\" \/>\n<meta property=\"og:title\" content=\"X\u00fantate Llanera - La primera comunidad energ\u00e9tica de Asturias\" \/>\n<meta property=\"og:description\" content=\"X\u00fantate Llanera es la primera comunidad energ\u00e9tica de Asturias. Un proyecto pionero para a reducir la factura de la luz y cuidar del planeta.\" \/>\n<meta property=\"og:url\" content=\"https:\/\/xuntatellanera.org\/\" \/>\n<meta property=\"og:site_name\" content=\"X\u00fantate Llanera - Comunidad energ\u00e9tica\" \/>\n<meta property=\"article:modified_time\" content=\"2022-08-29T18:49:21+00:00\" \/>\n<meta property=\"og:image\" content=\"https:\/\/xuntatellanera.org\/wp-content\/uploads\/2022\/08\/7.png\" \/>\n\t<meta property=\"og:image:width\" content=\"500\" \/>\n\t<meta property=\"og:image:height\" content=\"500\" \/>\n\t<meta property=\"og:image:type\" content=\"image\/png\" \/>\n<meta name=\"twitter:card\" content=\"summary_large_image\" \/>\n<script type=\"application\/ld+json\" class=\"yoast-schema-graph\">{\"@context\":\"https:\/\/schema.org\",\"@graph\":[{\"@type\":\"WebPage\",\"@id\":\"https:\/\/xuntatellanera.org\/\",\"url\":\"https:\/\/xuntatellanera.org\/\",\"name\":\"X\u00fantate Llanera - La primera comunidad energ\u00e9tica de Asturias\",\"isPartOf\":{\"@id\":\"https:\/\/xuntatellanera.org\/#website\"},\"datePublished\":\"2021-06-30T07:40:07+00:00\",\"dateModified\":\"2022-08-29T18:49:21+00:00\",\"description\":\"X\u00fantate Llanera es la primera comunidad energ\u00e9tica de Asturias. Un proyecto pionero para a reducir la factura de la luz y cuidar del planeta.\",\"breadcrumb\":{\"@id\":\"https:\/\/xuntatellanera.org\/#breadcrumb\"},\"inLanguage\":\"es\",\"potentialAction\":[{\"@type\":\"ReadAction\",\"target\":[\"https:\/\/xuntatellanera.org\/\"]}]},{\"@type\":\"BreadcrumbList\",\"@id\":\"https:\/\/xuntatellanera.org\/#breadcrumb\",\"itemListElement\":[{\"@type\":\"ListItem\",\"position\":1,\"name\":\"Portada\",\"item\":\"https:\/\/xuntatellanera.org\/\"},{\"@type\":\"ListItem\",\"position\":2,\"name\":\"X\u00fantate Llanera &#8211; La primera comunidad energ\u00e9tica de Asturias\"}]},{\"@type\":\"WebSite\",\"@id\":\"https:\/\/xuntatellanera.org\/#website\",\"url\":\"https:\/\/xuntatellanera.org\/\",\"name\":\"X\u00fantate Llanera - Comunidad energ\u00e9tica\",\"description\":\"X\u00fantate Llanera - Comunidad energ\u00e9tica\",\"publisher\":{\"@id\":\"https:\/\/xuntatellanera.org\/#organization\"},\"potentialAction\":[{\"@type\":\"SearchAction\",\"target\":{\"@type\":\"EntryPoint\",\"urlTemplate\":\"https:\/\/xuntatellanera.org\/?s={search_term_string}\"},\"query-input\":\"required name=search_term_string\"}],\"inLanguage\":\"es\"},{\"@type\":\"Organization\",\"@id\":\"https:\/\/xuntatellanera.org\/#organization\",\"name\":\"X\u00fantate Llanera - Comunidad energ\u00e9tica\",\"url\":\"https:\/\/xuntatellanera.org\/\",\"sameAs\":[],\"logo\":{\"@type\":\"ImageObject\",\"inLanguage\":\"es\",\"@id\":\"https:\/\/xuntatellanera.org\/#\/schema\/logo\/image\/\",\"url\":\"https:\/\/xuntatellanera.org\/wp-content\/uploads\/2022\/08\/cropped-Logo-Xuntate-transparente.png\",\"contentUrl\":\"https:\/\/xuntatellanera.org\/wp-content\/uploads\/2022\/08\/cropped-Logo-Xuntate-transparente.png\",\"width\":500,\"height\":280,\"caption\":\"X\u00fantate Llanera - Comunidad energ\u00e9tica\"},\"image\":{\"@id\":\"https:\/\/xuntatellanera.org\/#\/schema\/logo\/image\/\"}}]}<\/script>\n<!-- \/ Yoast SEO plugin. -->","yoast_head_json":{"title":"X\u00fantate Llanera - La primera comunidad energ\u00e9tica de Asturias","description":"X\u00fantate Llanera es la primera comunidad energ\u00e9tica de Asturias. Un proyecto pionero para a reducir la factura de la luz y cuidar del planeta.","robots":{"index":"index","follow":"follow","max-snippet":"max-snippet:-1","max-image-preview":"max-image-preview:large","max-video-preview":"max-video-preview:-1"},"canonical":"https:\/\/xuntatellanera.org\/","og_locale":"es_ES","og_type":"article","og_title":"X\u00fantate Llanera - La primera comunidad energ\u00e9tica de Asturias","og_description":"X\u00fantate Llanera es la primera comunidad energ\u00e9tica de Asturias. Un proyecto pionero para a reducir la factura de la luz y cuidar del planeta.","og_url":"https:\/\/xuntatellanera.org\/","og_site_name":"X\u00fantate Llanera - Comunidad energ\u00e9tica","article_modified_time":"2022-08-29T18:49:21+00:00","og_image":[{"width":500,"height":500,"url":"https:\/\/xuntatellanera.org\/wp-content\/uploads\/2022\/08\/7.png","type":"image\/png"}],"twitter_card":"summary_large_image","schema":{"@context":"https:\/\/schema.org","@graph":[{"@type":"WebPage","@id":"https:\/\/xuntatellanera.org\/","url":"https:\/\/xuntatellanera.org\/","name":"X\u00fantate Llanera - La primera comunidad energ\u00e9tica de Asturias","isPartOf":{"@id":"https:\/\/xuntatellanera.org\/#website"},"datePublished":"2021-06-30T07:40:07+00:00","dateModified":"2022-08-29T18:49:21+00:00","description":"X\u00fantate Llanera es la primera comunidad energ\u00e9tica de Asturias. Un proyecto pionero para a reducir la factura de la luz y cuidar del planeta.","breadcrumb":{"@id":"https:\/\/xuntatellanera.org\/#breadcrumb"},"inLanguage":"es","potentialAction":[{"@type":"ReadAction","target":["https:\/\/xuntatellanera.org\/"]}]},{"@type":"BreadcrumbList","@id":"https:\/\/xuntatellanera.org\/#breadcrumb","itemListElement":[{"@type":"ListItem","position":1,"name":"Portada","item":"https:\/\/xuntatellanera.org\/"},{"@type":"ListItem","position":2,"name":"X\u00fantate Llanera &#8211; La primera comunidad energ\u00e9tica de Asturias"}]},{"@type":"WebSite","@id":"https:\/\/xuntatellanera.org\/#website","url":"https:\/\/xuntatellanera.org\/","name":"X\u00fantate Llanera - Comunidad energ\u00e9tica","description":"X\u00fantate Llanera - Comunidad energ\u00e9tica","publisher":{"@id":"https:\/\/xuntatellanera.org\/#organization"},"potentialAction":[{"@type":"SearchAction","target":{"@type":"EntryPoint","urlTemplate":"https:\/\/xuntatellanera.org\/?s={search_term_string}"},"query-input":"required name=search_term_string"}],"inLanguage":"es"},{"@type":"Organization","@id":"https:\/\/xuntatellanera.org\/#organization","name":"X\u00fantate Llanera - Comunidad energ\u00e9tica","url":"https:\/\/xuntatellanera.org\/","sameAs":[],"logo":{"@type":"ImageObject","inLanguage":"es","@id":"https:\/\/xuntatellanera.org\/#\/schema\/logo\/image\/","url":"https:\/\/xuntatellanera.org\/wp-content\/uploads\/2022\/08\/cropped-Logo-Xuntate-transparente.png","contentUrl":"https:\/\/xuntatellanera.org\/wp-content\/uploads\/2022\/08\/cropped-Logo-Xuntate-transparente.png","width":500,"height":280,"caption":"X\u00fantate Llanera - Comunidad energ\u00e9tica"},"image":{"@id":"https:\/\/xuntatellanera.org\/#\/schema\/logo\/image\/"}}]}},"_links":{"self":[{"href":"https:\/\/xuntatellanera.org\/index.php\/wp-json\/wp\/v2\/pages\/433"}],"collection":[{"href":"https:\/\/xuntatellanera.org\/index.php\/wp-json\/wp\/v2\/pages"}],"about":[{"href":"https:\/\/xuntatellanera.org\/index.php\/wp-json\/wp\/v2\/types\/page"}],"author":[{"embeddable":true,"href":"https:\/\/xuntatellanera.org\/index.php\/wp-json\/wp\/v2\/users\/1"}],"replies":[{"embeddable":true,"href":"https:\/\/xuntatellanera.org\/index.php\/wp-json\/wp\/v2\/comments?post=433"}],"version-history":[{"count":2,"href":"https:\/\/xuntatellanera.org\/index.php\/wp-json\/wp\/v2\/pages\/433\/revisions"}],"predecessor-version":[{"id":2432,"href":"https:\/\/xuntatellanera.org\/index.php\/wp-json\/wp\/v2\/pages\/433\/revisions\/2432"}],"wp:featuredmedia":[{"embeddable":true,"href":"https:\/\/xuntatellanera.org\/index.php\/wp-json\/wp\/v2\/media\/2127"}],"wp:attachment":[{"href":"https:\/\/xuntatellanera.org\/index.php\/wp-json\/wp\/v2\/media?parent=433"}],"curies":[{"name":"wp","href":"https:\/\/api.w.org\/{rel}","templated":true}]}}